{"id":1355,"date":"2022-07-30T22:02:18","date_gmt":"2022-07-30T22:02:18","guid":{"rendered":"https:\/\/www.steinmetz-heidelberg.de\/?page_id=1355"},"modified":"2022-07-30T22:24:28","modified_gmt":"2022-07-30T22:24:28","slug":"1355-2","status":"publish","type":"page","link":"https:\/\/www.steinmetz-heidelberg.de\/index.php\/1355-2\/","title":{"rendered":"Impressum"},"content":{"rendered":"<p>[et_pb_section fb_built=&#8220;1&#8243; fullwidth=&#8220;on&#8220; theme_builder_area=&#8220;post_content&#8220; _builder_version=&#8220;4.17.6&#8243; _module_preset=&#8220;default&#8220;][et_pb_fullwidth_header _builder_version=&#8220;4.17.6&#8243; _module_preset=&#8220;default&#8220; background_enable_color=&#8220;off&#8220; background_image=&#8220;https:\/\/www.steinmetz-heidelberg.de\/wp-content\/uploads\/2022\/07\/boiteux-6748.jpg&#8220; min_height=&#8220;549px&#8220; custom_margin=&#8220;||1px|||&#8220; custom_padding=&#8220;2px||75px|||&#8220; global_colors_info=&#8220;{}&#8220; global_module=&#8220;1362&#8243; theme_builder_area=&#8220;post_content&#8220;][\/et_pb_fullwidth_header][\/et_pb_section][et_pb_section fb_built=&#8220;1&#8243; _builder_version=&#8220;4.17.6&#8243; _module_preset=&#8220;default&#8220; global_colors_info=&#8220;{}&#8220;][et_pb_row _builder_version=&#8220;4.17.6&#8243; _module_preset=&#8220;default&#8220; global_colors_info=&#8220;{}&#8220;][et_pb_column type=&#8220;4_4&#8243; _builder_version=&#8220;4.17.6&#8243; _module_preset=&#8220;default&#8220; global_colors_info=&#8220;{}&#8220;][et_pb_text _builder_version=&#8220;4.17.6&#8243; _module_preset=&#8220;default&#8220; header_font=&#8220;Omina2||||||||&#8220; global_colors_info=&#8220;{}&#8220;]<\/p>\n<div id=\"c30\" class=\"csc-default\">\n<div id=\"c30\">\n<h1>Impressum<\/h1>\n<\/div>\n<\/div>\n<div id=\"c32\" class=\"csc-default\">\n<div id=\"c31\" class=\"csc-default\">\n<div id=\"c31\">\n<div class=\"ce-textpic ce-right ce-intext\">\n<div class=\"ce-bodytext\">\n<article><b>Gesch\u00e4ftsf\u00fchrer, Webseiten-Betreiber und f\u00fcr den Inhalt Verantwortlicher:<\/b><\/p>\n<p>Steinmetz- und Bildhauermeister<br \/>Gr\u00e9gory Boiteux<br \/>E-Mail:<b> <\/b><a href=\"mailto:info@steinmetz-heidelberg.de\" title=\"Opens window for sending email\">i<\/a>nfo@steinmetz-heidelberg.de<br \/>Tel: 06221- 75 1 75 68<\/p>\n<p><b>Umsatzsteuer-Identifikationsnummer:<\/b><br \/>DE259035115<\/p>\n<p><b>Gesch\u00e4ftssitz:<\/b><br \/>Schwalbenweg 74<br \/>69123 Heidelberg<\/p>\n<\/article>\n<\/div>\n<\/div>\n<\/div>\n<\/div>\n<\/div>\n<p>[\/et_pb_text][\/et_pb_column][\/et_pb_row][\/et_pb_section]<\/p>\n","protected":false},"excerpt":{"rendered":"<p>Impressum Gesch\u00e4ftsf\u00fchrer, Webseiten-Betreiber und f\u00fcr den Inhalt Verantwortlicher: Steinmetz- und BildhauermeisterGr\u00e9gory BoiteuxE-Mail: info@steinmetz-heidelberg.deTel: 06221- 75 1 75 68 Umsatzsteuer-Identifikationsnummer:DE259035115 Gesch\u00e4ftssitz:Schwalbenweg 7469123 Heidelberg<\/p>\n","protected":false},"author":1,"featured_media":0,"parent":0,"menu_order":0,"comment_status":"closed","ping_status":"closed","template":"","meta":{"_et_pb_use_builder":"on","_et_pb_old_content":"","_et_gb_content_width":"","footnotes":""},"class_list":["post-1355","page","type-page","status-publish","hentry"],"_links":{"self":[{"href":"https:\/\/www.steinmetz-heidelberg.de\/index.php\/wp-json\/wp\/v2\/pages\/1355","targetHints":{"allow":["GET"]}}],"collection":[{"href":"https:\/\/www.steinmetz-heidelberg.de\/index.php\/wp-json\/wp\/v2\/pages"}],"about":[{"href":"https:\/\/www.steinmetz-heidelberg.de\/index.php\/wp-json\/wp\/v2\/types\/page"}],"author":[{"embeddable":true,"href":"https:\/\/www.steinmetz-heidelberg.de\/index.php\/wp-json\/wp\/v2\/users\/1"}],"replies":[{"embeddable":true,"href":"https:\/\/www.steinmetz-heidelberg.de\/index.php\/wp-json\/wp\/v2\/comments?post=1355"}],"version-history":[{"count":9,"href":"https:\/\/www.steinmetz-heidelberg.de\/index.php\/wp-json\/wp\/v2\/pages\/1355\/revisions"}],"predecessor-version":[{"id":1381,"href":"https:\/\/www.steinmetz-heidelberg.de\/index.php\/wp-json\/wp\/v2\/pages\/1355\/revisions\/1381"}],"wp:attachment":[{"href":"https:\/\/www.steinmetz-heidelberg.de\/index.php\/wp-json\/wp\/v2\/media?parent=1355"}],"curies":[{"name":"wp","href":"https:\/\/api.w.org\/{rel}","templated":true}]}}